{"id":120,"date":"2025-07-27T16:37:45","date_gmt":"2025-07-27T16:37:45","guid":{"rendered":"http:\/\/popoteofsounds.fr\/?page_id=120"},"modified":"2025-11-26T09:05:28","modified_gmt":"2025-11-26T09:05:28","slug":"popoteofsounds","status":"publish","type":"page","link":"https:\/\/popoteofsounds.fr\/","title":{"rendered":""},"content":{"rendered":"\n<div class=\"wp-block-group alignfull has-global-padding is-layout-constrained wp-block-group-is-layout-constrained\" style=\"margin-top:0;margin-bottom:0\">\n<div class=\"wp-block-columns alignfull is-layout-flex wp-container-core-columns-is-layout-9c22b1e3 wp-block-columns-is-layout-flex\">\n<div class=\"wp-block-column is-layout-flow wp-block-column-is-layout-flow\" style=\"flex-basis:55%\">\n<div style=\"aspect-ratio:1;min-height:unset;\" class=\"wp-block-cover is-light has-aspect-ratio\"><img loading=\"lazy\" decoding=\"async\" width=\"1500\" height=\"1535\" class=\"wp-block-cover__image-background wp-image-25 size-full\" alt=\"\" src=\"http:\/\/popoteofsounds.fr\/wp-content\/uploads\/2025\/07\/Sacres-Moteurs-cover-recto.jpg\" style=\"object-position:50% 50%\" data-object-fit=\"cover\" data-object-position=\"50% 50%\" srcset=\"https:\/\/popoteofsounds.fr\/wp-content\/uploads\/2025\/07\/Sacres-Moteurs-cover-recto.jpg 1500w, https:\/\/popoteofsounds.fr\/wp-content\/uploads\/2025\/07\/Sacres-Moteurs-cover-recto-293x300.jpg 293w, https:\/\/popoteofsounds.fr\/wp-content\/uploads\/2025\/07\/Sacres-Moteurs-cover-recto-1001x1024.jpg 1001w, https:\/\/popoteofsounds.fr\/wp-content\/uploads\/2025\/07\/Sacres-Moteurs-cover-recto-768x786.jpg 768w\" sizes=\"auto, (max-width: 1500px) 100vw, 1500px\" \/><span aria-hidden=\"true\" class=\"wp-block-cover__background has-background-dim-0 has-background-dim\" style=\"background-color:#fba1af\"><\/span><div class=\"wp-block-cover__inner-container is-layout-flow wp-block-cover-is-layout-flow\">\n<div style=\"height:var(--wp--preset--spacing--20)\" aria-hidden=\"true\" class=\"wp-block-spacer\"><\/div>\n<\/div><\/div>\n<\/div>\n\n\n\n<div class=\"wp-block-column is-vertically-aligned-center is-layout-flow wp-block-column-is-layout-flow\" style=\"padding-top:var(--wp--preset--spacing--60);padding-right:var(--wp--preset--spacing--60);padding-bottom:var(--wp--preset--spacing--60);padding-left:var(--wp--preset--spacing--60)\">\n<div style=\"height:70px\" aria-hidden=\"true\" class=\"wp-block-spacer\"><\/div>\n\n\n\n<h2 class=\"wp-block-heading\" style=\"font-size:clamp(2.712rem, 2.712rem + ((1vw - 0.2rem) * 3.903), 5.2rem);\">Sacr\u00e9s Moteurs<\/h2>\n\n\n\n<p>Album 4 titres acousma<br>par Olivier Moula\u00ef<\/p>\n\n\n\n<p>Disponible sur <a href=\"https:\/\/popoteofsounds.bandcamp.com\/album\/sacr-s-moteurs\">Bandcamp<\/a><\/p>\n\n\n\n<div style=\"height:30px\" aria-hidden=\"true\" class=\"wp-block-spacer\"><\/div>\n\n\n\n<iframe style=\"border: 0; width: 100%; height: 120px;\" src=\"https:\/\/bandcamp.com\/EmbeddedPlayer\/album=1761250965\/size=large\/bgcol=ffffff\/linkcol=f171a2\/tracklist=false\/artwork=none\/transparent=true\/\" seamless><a href=\"https:\/\/popoteofsounds.bandcamp.com\/album\/sacr-s-moteurs\">Sacr\u00e9s Moteurs by Olivier Moula\u00ef<\/a><\/iframe>\n<\/div>\n<\/div>\n\n\n\n<div style=\"height:70px\" aria-hidden=\"true\" class=\"wp-block-spacer\"><\/div>\n<\/div>\n\n\n\n<div class=\"wp-block-group alignfull has-global-padding is-layout-constrained wp-block-group-is-layout-constrained\" style=\"margin-top:0;margin-bottom:0;padding-top:var(--wp--preset--spacing--50);padding-bottom:var(--wp--preset--spacing--50)\">\n<div class=\"wp-block-columns alignwide is-layout-flex wp-container-core-columns-is-layout-fa584acd wp-block-columns-is-layout-flex\">\n<div class=\"wp-block-column is-vertically-aligned-center is-layout-flow wp-block-column-is-layout-flow\">\n<h2 class=\"wp-block-heading\">\u00c0 propos de l&rsquo;album<\/h2>\n\n\n\n<div style=\"height:var(--wp--preset--spacing--30)\" aria-hidden=\"true\" class=\"wp-block-spacer\"><\/div>\n\n\n\n<p>4 pi\u00e8ces acousmatiques compos\u00e9es par Olivier Moula\u00ef entre 2023 et 2024, dans le cadre du conservatoire de Perpignan &#8211; classe d&rsquo;\u00e9lectroacoustique de Lucie Prod&rsquo;homme.<\/p>\n\n\n\n<p>Couverture : Nicolas Cussac<\/p>\n\n\n\n<blockquote class=\"wp-block-quote is-layout-flow wp-block-quote-is-layout-flow\">\n<p class=\"is-style-default has-large-font-size\">1. L\u00e8vres d&rsquo;\u00e9pines. 10:09<\/p>\n<\/blockquote>\n\n\n\n<p>Inspir\u00e9 de l&rsquo;oeuvre de Giuseppe Penone : <em>Spine d&rsquo;acacia, contato<\/em>, tableau compos\u00e9 de milliers d&rsquo;\u00e9pines d&rsquo;acacia coll\u00e9es sur une toile de soie blanche, ce morceau joue sur les contrastes de mati\u00e8re.<\/p>\n\n\n\n<blockquote class=\"wp-block-quote is-layout-flow wp-block-quote-is-layout-flow\">\n<p class=\"is-style-default has-large-font-size\">2. Sacr\u00e9s Moteurs. 09:11<\/p>\n<\/blockquote>\n\n\n\n<p>Ladies and gentlemen, start your engines ! Cette folle course d\u00e9marre pied au plancher sur le bitume et se termine dans les airs. A chaque tour de circuit, le mat\u00e9riau sonore se d\u00e9forme et nous entra\u00eene un peu plus vers l&rsquo;abstraction musicale.<\/p>\n\n\n\n<blockquote class=\"wp-block-quote is-layout-flow wp-block-quote-is-layout-flow\">\n<p class=\"is-style-default has-large-font-size\">3. Respirer la rivi\u00e8re. 06:52<\/p>\n<\/blockquote>\n\n\n\n<p>Les rivi\u00e8res aussi respirent. Des chercheurs de&nbsp;l&rsquo;universit\u00e9 de Glasgow ont d\u00e9montr\u00e9 qu&rsquo;\u00e0 l&rsquo;instar des hommes, dont les poumons rel\u00e2chent davantage de gaz carbonique lors d&rsquo;un effort physique, les rivi\u00e8res les plus rapides rel\u00e2chent davantage de gaz que les cours d&rsquo;eau paresseux.<\/p>\n\n\n\n<blockquote class=\"wp-block-quote is-layout-flow wp-block-quote-is-layout-flow\">\n<p class=\"is-style-default has-large-font-size\">4. Cette pierre qui marche sur l&rsquo;eau. 15:30<\/p>\n<\/blockquote>\n\n\n\n<p>Compos\u00e9 pour la danse, ce morceau est n\u00e9 de l&rsquo;image du ricochet, jeu magique par sa simplicit\u00e9 de mise en \u0153uvre et par le miracle qu&rsquo;il produit : une pierre qui marche sur l&rsquo;eau.<\/p>\n\n\n\n<blockquote class=\"wp-block-quote is-style-plain is-layout-flow wp-block-quote-is-layout-flow is-style-plain--1\">\n<p class=\"is-style-default\"><a href=\"http:\/\/youtu.be\/kBrTDJJbaNg%E2%86%97\" title=\"\">Vid\u00e9o<\/a> : performance dans\u00e9e par Sophia Barr au festival <em>En chair et en son<\/em>, Ivry-sur-Seine, 2023.<\/p>\n<\/blockquote>\n<\/div>\n\n\n\n<div class=\"wp-block-column is-vertically-aligned-center is-layout-flow wp-block-column-is-layout-flow\"><\/div>\n<\/div>\n\n\n\n<div style=\"height:70px\" aria-hidden=\"true\" class=\"wp-block-spacer\"><\/div>\n\n\n\n<div class=\"wp-block-group alignfull has-global-padding is-layout-constrained wp-block-group-is-layout-constrained\" style=\"margin-top:0;margin-bottom:0;padding-top:var(--wp--preset--spacing--50);padding-bottom:var(--wp--preset--spacing--50)\">\n<div class=\"wp-block-columns alignwide is-layout-flex wp-container-core-columns-is-layout-47c06fe3 wp-block-columns-is-layout-flex\">\n<div class=\"wp-block-column is-layout-flow wp-block-column-is-layout-flow\" style=\"flex-basis:56%\">\n<figure data-wp-context=\"{&quot;imageId&quot;:&quot;69d505810782b&quot;}\" data-wp-interactive=\"core\/image\" data-wp-key=\"69d505810782b\" class=\"wp-block-image size-full wp-lightbox-container\"><img loading=\"lazy\" decoding=\"async\" width=\"1517\" height=\"1011\" data-wp-class--hide=\"state.isContentHidden\" data-wp-class--show=\"state.isContentVisible\" data-wp-init=\"callbacks.setButtonStyles\" data-wp-on--click=\"actions.showLightbox\" data-wp-on--load=\"callbacks.setButtonStyles\" data-wp-on-window--resize=\"callbacks.setButtonStyles\" src=\"http:\/\/popoteofsounds.fr\/wp-content\/uploads\/2025\/07\/Olivier-Moulai-landscape-NB-Web-edited.jpg\" alt=\"Olivier Moula\u00ef, artiste sonore, compositeur de musique acousmatique\" class=\"wp-image-206\" style=\"aspect-ratio:16\/9;object-fit:cover\" srcset=\"https:\/\/popoteofsounds.fr\/wp-content\/uploads\/2025\/07\/Olivier-Moulai-landscape-NB-Web-edited.jpg 1517w, https:\/\/popoteofsounds.fr\/wp-content\/uploads\/2025\/07\/Olivier-Moulai-landscape-NB-Web-edited-300x200.jpg 300w, https:\/\/popoteofsounds.fr\/wp-content\/uploads\/2025\/07\/Olivier-Moulai-landscape-NB-Web-edited-1024x682.jpg 1024w, https:\/\/popoteofsounds.fr\/wp-content\/uploads\/2025\/07\/Olivier-Moulai-landscape-NB-Web-edited-768x512.jpg 768w\" sizes=\"auto, (max-width: 1517px) 100vw, 1517px\" \/><button\n\t\t\tclass=\"lightbox-trigger\"\n\t\t\ttype=\"button\"\n\t\t\taria-haspopup=\"dialog\"\n\t\t\taria-label=\"Agrandir\"\n\t\t\tdata-wp-init=\"callbacks.initTriggerButton\"\n\t\t\tdata-wp-on--click=\"actions.showLightbox\"\n\t\t\tdata-wp-style--right=\"state.imageButtonRight\"\n\t\t\tdata-wp-style--top=\"state.imageButtonTop\"\n\t\t>\n\t\t\t<svg xmlns=\"http:\/\/www.w3.org\/2000\/svg\" width=\"12\" height=\"12\" fill=\"none\" viewBox=\"0 0 12 12\">\n\t\t\t\t<path fill=\"#fff\" d=\"M2 0a2 2 0 0 0-2 2v2h1.5V2a.5.5 0 0 1 .5-.5h2V0H2Zm2 10.5H2a.5.5 0 0 1-.5-.5V8H0v2a2 2 0 0 0 2 2h2v-1.5ZM8 12v-1.5h2a.5.5 0 0 0 .5-.5V8H12v2a2 2 0 0 1-2 2H8Zm2-12a2 2 0 0 1 2 2v2h-1.5V2a.5.5 0 0 0-.5-.5H8V0h2Z\" \/>\n\t\t\t<\/svg>\n\t\t<\/button><figcaption class=\"wp-element-caption\">photo \u00a9 Fran\u00e7ois Pons<\/figcaption><\/figure>\n<\/div>\n\n\n\n<div class=\"wp-block-column is-vertically-aligned-center is-layout-flow wp-container-core-column-is-layout-119bc444 wp-block-column-is-layout-flow\">\n<h2 class=\"wp-block-heading\">\u00c0 propos du compositeur<\/h2>\n\n\n\n<p>N\u00e9 en 1978 \u00e0 Perpignan, Olivier Moula\u00ef est venu au son par l&rsquo;image. De formation initiale aux Beaux-Arts, il travaille durant 20 ann\u00e9es comme vid\u00e9aste, avant de reprendre le chemin de l&rsquo;\u00e9cole. Au conservatoire de Perpignan, il  trouve son bonheur dans la musique \u00ab concr\u00e8te \u00bb ou l\u2019art de composer \u00e0 partir de sons. Un premier album, <em>Sacr\u00e9s Moteurs<\/em>, fruit de ses travaux d\u2019\u00e9tudes, sort au printemps 2025.<\/p>\n<\/div>\n<\/div>\n<\/div>\n<\/div>\n\n\n\n<aside class=\"wp-block-group alignfull has-contrast-background-color has-background has-global-padding is-layout-constrained wp-container-core-group-is-layout-f0f2a97b wp-block-group-is-layout-constrained\" style=\"margin-top:0;margin-bottom:0;padding-top:var(--wp--preset--spacing--50);padding-right:var(--wp--preset--spacing--50);padding-bottom:var(--wp--preset--spacing--50);padding-left:var(--wp--preset--spacing--50)\">\n<div class=\"wp-block-group has-contrast-background-color has-background is-vertical is-content-justification-center is-layout-flex wp-container-core-group-is-layout-8778ca4a wp-block-group-is-layout-flex\" style=\"min-height:360px;margin-top:0;margin-bottom:0\">\n<h2 class=\"wp-block-heading has-base-color has-text-color has-link-color wp-elements-2e9daf97654e27fc336d8f7a94580c0e\" style=\"font-size:clamp(1.837rem, 1.837rem + ((1vw - 0.2rem) * 2.138), 3.2rem);\">\u00c0 suivre sur <a href=\"https:\/\/popoteofsounds.bandcamp.com\/\">bandcamp<\/a><\/h2>\n\n\n\n<div style=\"height:0px\" aria-hidden=\"true\" class=\"wp-block-spacer wp-container-content-62aae154\"><\/div>\n\n\n\n<p><\/p>\n<\/div>\n\n\n\n<p><\/p>\n\n\n\n<p><\/p>\n<\/aside>\n","protected":false},"excerpt":{"rendered":"<p>Sacr\u00e9s Moteurs Album 4 titres acousmapar Olivier Moula\u00ef Disponible sur Bandcamp Sacr\u00e9s Moteurs by Olivier Moula\u00ef \u00c0 propos de l&rsquo;album 4 pi\u00e8ces acousmatiques compos\u00e9es par Olivier Moula\u00ef entre 2023 et 2024, dans le cadre du conservatoire de Perpignan &#8211; classe d&rsquo;\u00e9lectroacoustique de Lucie Prod&rsquo;homme. Couverture : Nicolas Cussac 1. L\u00e8vres d&rsquo;\u00e9pines. 10:09 Inspir\u00e9 de l&rsquo;oeuvre [&hellip;]<\/p>\n","protected":false},"author":1,"featured_media":0,"parent":0,"menu_order":0,"comment_status":"closed","ping_status":"closed","template":"","meta":{"footnotes":""},"class_list":["post-120","page","type-page","status-publish","hentry"],"aioseo_notices":[],"_links":{"self":[{"href":"https:\/\/popoteofsounds.fr\/index.php?rest_route=\/wp\/v2\/pages\/120","targetHints":{"allow":["GET"]}}],"collection":[{"href":"https:\/\/popoteofsounds.fr\/index.php?rest_route=\/wp\/v2\/pages"}],"about":[{"href":"https:\/\/popoteofsounds.fr\/index.php?rest_route=\/wp\/v2\/types\/page"}],"author":[{"embeddable":true,"href":"https:\/\/popoteofsounds.fr\/index.php?rest_route=\/wp\/v2\/users\/1"}],"replies":[{"embeddable":true,"href":"https:\/\/popoteofsounds.fr\/index.php?rest_route=%2Fwp%2Fv2%2Fcomments&post=120"}],"version-history":[{"count":183,"href":"https:\/\/popoteofsounds.fr\/index.php?rest_route=\/wp\/v2\/pages\/120\/revisions"}],"predecessor-version":[{"id":422,"href":"https:\/\/popoteofsounds.fr\/index.php?rest_route=\/wp\/v2\/pages\/120\/revisions\/422"}],"wp:attachment":[{"href":"https:\/\/popoteofsounds.fr\/index.php?rest_route=%2Fwp%2Fv2%2Fmedia&parent=120"}],"curies":[{"name":"wp","href":"https:\/\/api.w.org\/{rel}","templated":true}]}}